{"id":126,"date":"2018-11-24T23:37:28","date_gmt":"2018-11-25T01:37:28","guid":{"rendered":"http:\/\/localhost\/wizsyst\/?page_id=126"},"modified":"2018-11-24T23:37:28","modified_gmt":"2018-11-25T01:37:28","slug":"sigem-esocial","status":"publish","type":"page","link":"https:\/\/wizsyst.com\/index.php\/sigem-esocial\/","title":{"rendered":"eSocial"},"content":{"rendered":"\n<h2>Proposta<\/h2>\n\n\n\n<p>A solu\u00e7\u00e3o proposta para o eSocial pela Wiz Systems tem como objetivo tornar todo o processo que envolve as tramita\u00e7\u00f5es de dados entre o cliente e o ambiente do eSocial o mais simples e transparente poss\u00edvel, visando a menor interatividade do usu\u00e1rio com o sistema, automatizando os processos, realizando todas as valida\u00e7\u00f5es necess\u00e1rias e gerenciando as coletas e envios de dados. <\/p>\n\n\n\n<p>Disponibilizando para o usu\u00e1rio interfaces simples e de f\u00e1cil utiliza\u00e7\u00e3o, facilitando tamb\u00e9m o treinamento em seu uso.<\/p>\n\n\n\n<h2>Meios de Entrada de Dados<\/h2>\n\n\n\n<p>Seguindo o conceito de facilitar a rotina de trabalho do usu\u00e1rio, o Sigem<sup>\u00a9<\/sup> eSocial permite a coleta dos dados necess\u00e1rios para envio atrav\u00e9s de diferentes meios. <\/p>\n\n\n\n<p>Dentre eles, diretamente do banco de dados do Sigem<sup>\u00a9 <\/sup>RH, bancos de dados de origem externa, web services, pela recep\u00e7\u00e3o de arquivos ou pelo fornecimento de formul\u00e1rios (telas) onde o usu\u00e1rio poder\u00e1 informar os dados manualmente.<\/p>\n\n\n\n<h2>Valida\u00e7\u00e3o<\/h2>\n\n\n\n<p>Antes mesmo do envio dos dados para o ambiente do eSocial, o sistema Sigem<sup>\u00a9<\/sup> eSocial realiza valida\u00e7\u00f5es para garantir que os dados tenham consist\u00eancia, evitando a necessidade de aguardar o retorno do eSocial para ajustes que poderiam ser detectados e corrigidos previamente. Isso garante aos usu\u00e1rios uma otimiza\u00e7\u00e3o de tempo e esfor\u00e7o.<\/p>\n\n\n\n<p>Garante que os dados de preenchimento obrigat\u00f3rio estar\u00e3o presentes no momento do envio do(s) layout(s) ao ambiente eSocial.<\/p>\n\n\n\n<h3>Dados Obrigat\u00f3rios<\/h3>\n\n\n\n<p>Garante que a informa\u00e7\u00e3o esteja de acordo com o solicitado pelo eSocial como, por exemplo, universo de valores especificado para os layouts.<\/p>\n\n\n\n<h3>Conte\u00fado<\/h3>\n\n\n\n<p>Garante que a informa\u00e7\u00e3o esteja de acordo com o solicitado pelo eSocial como, por exemplo, universo de valores especificado para os layouts.<\/p>\n\n\n\n<h3>Depend\u00eancias<\/h3>\n\n\n\n<p>Avalia se existem pend\u00eancias de envio ou de ajustes de layouts cujos dados s\u00e3o necess\u00e1rios para que o layout atual seja enviado.<\/p>\n\n\n\n<h3>Estrutura dos Dados<\/h3>\n\n\n\n<p>Garante que o conjunto de dados coletados ser\u00e1 devidamente transformado na estrutura de comunica\u00e7\u00e3o exigida pelo eSocial.<\/p>\n\n\n\n<h2>Processamento e Envio<\/h2>\n\n\n\n<p>O Sigem<sup>\u00a9<\/sup> eSocial permite o envio dos lotes de forma manual, mas tamb\u00e9m permite que todo o processo seja automatizado, garantindo o envio em tempo das informa\u00e7\u00f5es e tamb\u00e9m notificando os respons\u00e1veis dos envios e seus retornos.<\/p>\n\n\n\n<h3>Processo Manual<\/h3>\n\n\n\n<p>O usu\u00e1rio tem a possibilidade de solicitar ao sistema a coleta, valida\u00e7\u00e3o e processamento dos dados referentes a um layout de forma manual. O Sigem<sup>\u00a9<\/sup> eSocial ir\u00e1 efetuar a extra\u00e7\u00e3o dos dados da origem informada para o Layout, om a exce\u00e7\u00e3o daqueles cuja entrada \u00e9 feita atrav\u00e9s de formul\u00e1rios (telas) ou arquivos.<\/p>\n\n\n\n<h3>Processo Autom\u00e1tico<\/h3>\n\n\n\n<p>Para otimizar o tempo e esfor\u00e7o dos usu\u00e1rios, o Sigem<sup>\u00a9<\/sup> eSocial permite que os processos de envio, consulta e processamento dos dados tramitados entre o \u00f3rg\u00e3o e o eSocial sejam automaticamente gerenciados.<\/p>\n\n\n\n<p>Assim, todo processo de mensageria ocorre de forma transparente para o usu\u00e1rio, delegando a ele apenas a manuten\u00e7\u00e3o de dados que poder\u00e3o requerer sua aten\u00e7\u00e3o para altera\u00e7\u00e3o de acordo com o retorno do ambiente eSocial.<\/p>\n\n\n\n<p>A automatiza\u00e7\u00e3o ocorre atrav\u00e9s da cria\u00e7\u00e3o de agendamentos. Neles \u00e9 poss\u00edvel indicar quais layouts ir\u00e3o participar do processamento autom\u00e1tico no \u00e2mbito de envio e recebimento e das notifica\u00e7\u00f5es aos usu\u00e1rios respons\u00e1veis por cada layout.<\/p>\n","protected":false},"excerpt":{"rendered":"<p>Proposta A solu\u00e7\u00e3o proposta para o eSocial pela Wiz Systems tem como objetivo tornar todo o processo que envolve as tramita\u00e7\u00f5es de dados entre o cliente e o ambiente do eSocial o mais simples e transparente poss\u00edvel, visando a menor interatividade do usu\u00e1rio com o sistema, automatizando os processos, realizando todas as valida\u00e7\u00f5es necess\u00e1rias e [&hellip;]<\/p>\n","protected":false},"author":1,"featured_media":0,"parent":0,"menu_order":0,"comment_status":"closed","ping_status":"closed","template":"","meta":[],"acf":[],"_links":{"self":[{"href":"https:\/\/wizsyst.com\/index.php\/wp-json\/wp\/v2\/pages\/126"}],"collection":[{"href":"https:\/\/wizsyst.com\/index.php\/wp-json\/wp\/v2\/pages"}],"about":[{"href":"https:\/\/wizsyst.com\/index.php\/wp-json\/wp\/v2\/types\/page"}],"author":[{"embeddable":true,"href":"https:\/\/wizsyst.com\/index.php\/wp-json\/wp\/v2\/users\/1"}],"replies":[{"embeddable":true,"href":"https:\/\/wizsyst.com\/index.php\/wp-json\/wp\/v2\/comments?post=126"}],"version-history":[{"count":0,"href":"https:\/\/wizsyst.com\/index.php\/wp-json\/wp\/v2\/pages\/126\/revisions"}],"wp:attachment":[{"href":"https:\/\/wizsyst.com\/index.php\/wp-json\/wp\/v2\/media?parent=126"}],"curies":[{"name":"wp","href":"https:\/\/api.w.org\/{rel}","templated":true}]}}