{"id":140,"date":"2018-12-14T20:49:10","date_gmt":"2018-12-14T22:49:10","guid":{"rendered":"http:\/\/localhost\/wizsyst\/?page_id=140"},"modified":"2019-01-06T18:25:07","modified_gmt":"2019-01-06T20:25:07","slug":"sigem-escolar","status":"publish","type":"page","link":"https:\/\/wizsyst.com\/index.php\/sigem-escolar\/","title":{"rendered":"Sigem &#8211; Gest\u00e3o Escolar"},"content":{"rendered":"\n<div class=\"wp-block-media-text alignwide\" style=\"grid-template-columns:20% auto\"><figure class=\"wp-block-media-text__media\"><img loading=\"lazy\" width=\"462\" height=\"438\" src=\"https:\/\/wizsyst.com\/wp-content\/uploads\/2019\/01\/sigem_escolar.png\" alt=\"\" class=\"wp-image-158\" srcset=\"https:\/\/wizsyst.com\/wp-content\/uploads\/2019\/01\/sigem_escolar.png 462w, https:\/\/wizsyst.com\/wp-content\/uploads\/2019\/01\/sigem_escolar-300x284.png 300w\" sizes=\"(max-width: 462px) 100vw, 462px\" \/><\/figure><div class=\"wp-block-media-text__content\">\n<h2>Sigem &#8211; Gest\u00e3o Escolar<\/h2>\n<\/div><\/div>\n\n\n\n<p>O Sigem &#8211; Gest\u00e3o Escolar \u00e9 uma ferramenta que conta, al\u00e9m das funcionalidades b\u00e1sicas necess\u00e1rias para tornar a administra\u00e7\u00e3o escolar \u00e1gil, tamb\u00e9m conta com diversos componentes que permitem dar ainda mais facilidade para que as escolas possam dedicar mais tempo aos seus alunos e as atividades docentes.<\/p>\n\n\n\n<p>Aqui s\u00e3o descritas as funcionalidades mais b\u00e1sicas oferecidas pela solu\u00e7\u00e3o para gest\u00e3o de escolas e secretarias de educa\u00e7\u00e3o. Para saber mais sobre funcionalidades especiais e tamb\u00e9m a constru\u00e7\u00e3o de uma solu\u00e7\u00e3o que se aquede \u00e0s suas necessidades, entre em contato com a Wiz Systems.<\/p>\n\n\n\n<h3>Funcionalidades<\/h3>\n\n\n\n<div style=\"height:30px\" aria-hidden=\"true\" class=\"wp-block-spacer\"><\/div>\n\n\n\n<h4>Alunos<\/h4>\n\n\n\n<ul><li> Cadastro de Alunos: permite realizar o cadastro dos alunos da rede de ensino.<\/li><li>Reingresso Alunos Inativos: permite que alunos que j\u00e1 estudaram na rede de ensino,sejam reingressados em uma escola.<\/li><li>Informa\u00e7\u00f5es Alunos: permite consultar informa\u00e7\u00f5es dos alunos.<\/li><li>Consulta Alunos Rede Municipal:  permite a consulta geral de todos os alunos darede de ensino (ativos\/inativos).<\/li><li>Alunos por M\u00f3dulo: permite a consulta de alunos matriculados, por modalidade deensino.  <\/li><\/ul>\n\n\n\n<div style=\"height:30px\" aria-hidden=\"true\" class=\"wp-block-spacer\"><\/div>\n\n\n\n<h4>Turmas<\/h4>\n\n\n\n<ul><li> Relat\u00f3rios Gerais- Turmas <ul><li>Di\u00e1rio   Escolar:  permite   a   emiss\u00e3o   do  controle   de  frequ\u00eancia,   registro   de conte\u00fado,   registro   de   avalia\u00e7\u00f5es,   quadro   resumo   anual   e   registro   de aprendizagem dos alunos, dentro do ano letivo.<\/li><li>Declara\u00e7\u00e3o de Frequ\u00eancia:  permite a emiss\u00e3o da declara\u00e7\u00e3o de frequ\u00eancia dos alunos para o ano letivo.<\/li><\/ul><\/li><li>Cadastro de Turmas <ul><li>Turmas: permite o cadastro de turmas por ano letivo, dentro de uma escola.<\/li><\/ul><\/li><li>Turmas Unificadas <ul><li>Cadastro Turmas Unificadas: permite que turmas, com quantidade reduzida de alunos, sejam unificadas.<\/li><li>Consulta   Turmas   Unificadas:  permite   a   consulta   das   turmas   que   est\u00e3o unificadas.<br><\/li><\/ul><\/li><\/ul>\n\n\n\n<div style=\"height:30px\" aria-hidden=\"true\" class=\"wp-block-spacer\"><\/div>\n\n\n\n<h4>Professores e Funcion\u00e1rios<\/h4>\n\n\n\n<ul><li>Professores e Funcion\u00e1rios \u2013 Escolas: lista os professores<\/li><li>Panorama:  permite  a  emiss\u00e3o  do  panorama  da  carga  hor\u00e1ria  dos  professores  na turma, disciplina e cargo dentro de uma escola. <\/li><\/ul>\n\n\n\n<div style=\"height:30px\" aria-hidden=\"true\" class=\"wp-block-spacer\"><\/div>\n\n\n\n<h4>Movimenta\u00e7\u00e3o Escolar<\/h4>\n\n\n\n<ul><li> TRANSFER\u00caNCIAS<ul><li>Transfer\u00eancias   Recebidas   sem   matr\u00edcula   efetiva:  permite   a   consulta   de alunos transferidos para a escola e que ainda n\u00e3o tiveram matr\u00edcula efetiva. <\/li><li>Excluir Transfer\u00eancia: permite a exclus\u00e3o de transfer\u00eancias canceladas.\uf0b7Transfer\u00eancia: permite realizar a transfer\u00eancia de alunos entre as escolas da rede de ensino ou para fora dela. <\/li><\/ul><\/li><li>REMANEJO <ul><li>Remanejo Alunos entre Turmas : permite que os alunos sejam remanejados entre turmas da mesma modalidade de ensino.<\/li><li>Excluir Remanejo: permite a exclus\u00e3o de remanejos cancelados.<\/li><\/ul><\/li><li>AVAN\u00c7O <ul><li>Avan\u00e7o: permite avan\u00e7ar alunos de uma modalidade de ensino para a outra.<\/li><li>Excluir Avan\u00e7o: permite a exclus\u00e3o de avan\u00e7os cancelados. <\/li><\/ul><\/li><\/ul>\n\n\n\n<div style=\"height:30px\" aria-hidden=\"true\" class=\"wp-block-spacer\"><\/div>\n\n\n\n<h4>Escolas<\/h4>\n\n\n\n<ul><li> Calend\u00e1rio escolar: permite o cadastro do calend\u00e1rio de atividades escolares.<\/li><li>Consulta Total Alunos por M\u00f3dulo e Turma: permite realizar a consulta do total de alunos, por modalidade de ensino, turma e escola.<\/li><li>Escola: permite a consulta dos dados da escola. <\/li><\/ul>\n\n\n\n<div style=\"height:30px\" aria-hidden=\"true\" class=\"wp-block-spacer\"><\/div>\n\n\n\n<h4>Vagas Escolares<\/h4>\n\n\n\n<ul><li> Emiss\u00e3o  Atestado  Vaga:  permite   a   emiss\u00e3o   do   atestado   de   vaga   escolar   para   o aluno.<br><\/li><\/ul>\n\n\n\n<div style=\"height:30px\" aria-hidden=\"true\" class=\"wp-block-spacer\"><\/div>\n\n\n\n<h4>Sistema de Avalia\u00e7\u00e3o<\/h4>\n\n\n\n<ul><li> Per\u00edodos   de  Avalia\u00e7\u00e3o   dos   M\u00f3dulos:  permite   a   configura\u00e7\u00e3o   dos   per\u00edodos   de avalia\u00e7\u00e3o que a modalidade de ensino utilizar\u00e1 para o ano letivo.<\/li><li>Registro de Aprendizagem:  permite o registro de aprendizagem, por professor ,turma e disciplina para os alunos. <\/li><li>Avalia\u00e7\u00e3o  Alunos:  permite   o   lan\u00e7amento   das   avalia\u00e7\u00f5es,   por   professor,   turma   e disciplina para os alunos.<\/li><li>Frequ\u00eancia   Alunos:  permite   o   registro   da   frequ\u00eancia,   por   professor,   turma   e disciplina para os alunos.<\/li><li>Registro de Conte\u00fados:  permite o registro de conte\u00fados administradas nas aulas,por professor, turma e disciplina. <\/li><\/ul>\n\n\n\n<div style=\"height:30px\" aria-hidden=\"true\" class=\"wp-block-spacer\"><\/div>\n\n\n\n<h4>Rematr\u00edcula<\/h4>\n\n\n\n<ul><li> Reserva Rematr\u00edcula: permite a reserva de matr\u00edcula para um ou mais alunos para modalidade de ensino e ano letivo.<\/li><li>Confirma Rematr\u00edcula na Turma: permite que a rematr\u00edcula seja confirmada na modalidade de ensino e ano letivo.<\/li><li>Corre\u00e7\u00e3o Rematr\u00edcula: permite que a modalidade de reserva da rematr\u00edcula seja alterada. <\/li><\/ul>\n\n\n\n<div style=\"height:30px\" aria-hidden=\"true\" class=\"wp-block-spacer\"><\/div>\n\n\n\n<h4>Hist\u00f3rico Escolar<\/h4>\n\n\n\n<ul><li> Emiss\u00e3o: permite a emiss\u00e3o do hist\u00f3rico escolar de alunos. <\/li><\/ul>\n\n\n\n<div style=\"height:30px\" aria-hidden=\"true\" class=\"wp-block-spacer\"><\/div>\n\n\n\n<h4>Boletim Mensal<\/h4>\n\n\n\n<ul><li> QUADRO ESTAT\u00cdSTICO ALUNOS <ul><li>Gera\u00e7\u00e3o\/Emiss\u00e3o do Boletim Mensal: permite a gera\u00e7\u00e3o da rela\u00e7\u00e3o mensal de alunos, contabilizando as matr\u00edculas efetivas, transferidas, canceladas, os \u00f3bitos e os concluintes da escola.<\/li><li>Confer\u00eancia do Boletim Mensal: permite a confer\u00eancia das informa\u00e7\u00f5es ap\u00f3s a gera\u00e7\u00e3o do boletim.<br><\/li><\/ul><\/li><\/ul>\n\n\n\n<div style=\"height:30px\" aria-hidden=\"true\" class=\"wp-block-spacer\"><\/div>\n\n\n\n<h4>Central de Vagas<\/h4>\n\n\n\n<ul><li> CONSULTAS <ul><li>Consulta Geral: permite a consulta de todas as inscri\u00e7\u00f5es por ano letivo.<\/li><li>Consulta Total Inscri\u00e7\u00f5es por Escola: permite a consulta geral de todas as inscri\u00e7\u00f5es existentes em um ano letivo e escola.<\/li><\/ul><\/li><li>RELAT\u00d3RIOS <ul><li>Relat\u00f3rios de Classifica\u00e7\u00e3o: permite a emiss\u00e3o do relat\u00f3rio de classifica\u00e7\u00e3o, por candidatos ou suplentes, por ano letivo, modalidade de ensino, turno e escola.<\/li><\/ul><\/li><li>CADASTROS B\u00c1SICOS <ul><li>Question\u00e1rio X Per\u00edodo Letivo: permite que um per\u00edodo letivo, tenha quest\u00f5es pr\u00f3prias. <\/li><li>Faixas Et\u00e1rias para Relat\u00f3rios: permite que sejam criadas faixas et\u00e1rias para emiss\u00e3o do relat\u00f3rio de classifica\u00e7\u00e3o.<\/li><li>Question\u00e1rio: permite o cadastro das quest\u00f5es que ser\u00e3o utilizadas nas inscri\u00e7\u00f5es por modalidade de ensino.<\/li><\/ul><\/li><li>INSCRI\u00c7\u00c3O <ul><li>Inscri\u00e7\u00f5es: permite o registro de uma solicita\u00e7\u00e3o de inscri\u00e7\u00e3o realizada por um candidato a uma vaga escolar na rede de ensino.<\/li><li>Escolas Prefer\u00eancia x M\u00f3dulo x Ano Letivo: permite que se determine o n\u00famero de escolas de prefer\u00eancia que podem ser solicitadas, por modalidade de ensino, no ato da inscri\u00e7\u00e3o para o ano letivo. <\/li><\/ul><\/li><\/ul>\n\n\n\n<div style=\"height:30px\" aria-hidden=\"true\" class=\"wp-block-spacer\"><\/div>\n\n\n\n<h3> SISTEMA DE GEST\u00c3O ESCOLAR \u2013 CONTROLE DA SECRETARIA DE EDUCA\u00c7\u00c3O <\/h3>\n\n\n\n<h4> Cadastros B\u00e1sicos &#8211; Sistema Escolar <\/h4>\n\n\n\n<ul><li> Ano Letivo: permite a abertura do ano e seus per\u00edodos letivos.<\/li><li>Cursos: permite o cadastro dos cursos oferecidos pela rede de ensino. <\/li><li>M\u00f3dulos(S\u00e9rie,Ano,Etapa): permite o cadastro das modalidades de ensino oferecidas pela rede de ensino.<\/li><li>Programas Sociais: permite o cadastro dos programas sociais oferecidos pela rede de ensino.<\/li><li>Disciplinas: permite o cadastro das disciplinas do curr\u00edculo da rede de ensino.<\/li><li>Tipos de Avalia\u00e7\u00e3o: permite o cadastro dos tipos de avalia\u00e7\u00f5es adotas pela rede de ensino.<\/li><li>Configura\u00e7\u00e3o Hist\u00f3rico Escolar: permite a configura\u00e7\u00e3o das disciplinas e modalidades bases para a forma\u00e7\u00e3o do hist\u00f3rico escolar do alunos.<\/li><li>\u00c1rea de Conhecimento de Disciplinas: permite o cadastro das diversas \u00e1reas de conhecimento que as disciplinas pertencem. <\/li><li>Modalidade de Ensino: permite o cadastro das modalidades de ensino, que a rede oferece.<\/li><li>N\u00edveis de Ensino: permite o cadastro dos n\u00edveis de ensino oferecidos pela rede.<\/li><li>Escolas (Manuten\u00e7\u00e3o) : permite a manuten\u00e7\u00e3o do cadastrado de todas as escolas da rede de ensino. <\/li><\/ul>\n\n\n\n<div style=\"height:30px\" aria-hidden=\"true\" class=\"wp-block-spacer\"><\/div>\n\n\n\n<h4>Consultas Gerais<\/h4>\n\n\n\n<ul><li> Professores X Disciplinas Censo: permite que sejam consultados o lan\u00e7amentos de professores nas disciplinas da turma, para envio ao Censo Escolar.<\/li><li>Quantidade de Alunos por M\u00f3dulos e turmas: permite que sejam consultados as quantidades de alunos existentes em uma turma. <\/li><\/ul>\n\n\n\n<div style=\"height:30px\" aria-hidden=\"true\" class=\"wp-block-spacer\"><\/div>\n\n\n\n<h4>Turmas &#8211; Ensino Globalizado<\/h4>\n\n\n\n<ul><li> Informar Disciplinas &#8211; Ensino Globalizado: permite que sejam informadas as disciplinas que comp\u00f5em a disciplina ensino globalizado (utilizado no processo do censo escolar).<\/li><li>Manuten\u00e7\u00e3o (Matr\u00edculas\/Vagas): permite que sejam informados o n\u00famero de vagas por turma e escola. <br><\/li><\/ul>\n\n\n\n<div style=\"height:30px\" aria-hidden=\"true\" class=\"wp-block-spacer\"><\/div>\n\n\n\n<h3>CENSO<\/h3>\n\n\n\n<ul><li> Par\u00e2metros Obrigat\u00f3rios CENSO: permite agrupar, por aluno, docente entre outros, as informa\u00e7\u00f5es obrigat\u00f3rias para envio ao Censo Escolar.<\/li><li>Gerar Arquivo INEP: permite a gera\u00e7\u00e3o do arquivo INEP, por ano letivo e escola, com layout pr\u00f3prio do Censo Escolar.<\/li><li>Importa\u00e7\u00e3o C\u00f3digo INEP: permite que sejam atualizados os c\u00f3digos INEP de alunos e professores no sistema de Gest\u00e3o Escolar, via processo autom\u00e1tico.  <\/li><\/ul>\n\n\n\n<div style=\"height:30px\" aria-hidden=\"true\" class=\"wp-block-spacer\"><\/div>\n\n\n\n<h4>Forma\u00e7\u00e3o de Docentes<\/h4>\n\n\n\n<ul><li> Tipos Forma\u00e7\u00f5es: permite o cadastro dos diferentes tipos de forma\u00e7\u00f5es dos docentes.<\/li><li>Lista de Forma\u00e7\u00f5es Docentes: permite a consulta dos docentes e suas forma\u00e7\u00f5es.<\/li><li>Docente Forma\u00e7\u00f5es e Cursos: registro das forma\u00e7\u00f5es realizadas pelos docentes<\/li><li>Cadastro de Forma\u00e7\u00e3o: cadastro das poss\u00edveis forma\u00e7\u00f5es existentes para associa\u00e7\u00e3o aos docentes. <\/li><li>Cadastro de Cursos: cadastro das poss\u00edveis forma\u00e7\u00f5es existentes para associa\u00e7\u00e3o aos docentes. <\/li><li>Consulta Forma\u00e7\u00e3o Docentes: permite a consulta das forma\u00e7\u00f5es cadastradas para os docentes.<\/li><li>Institui\u00e7\u00f5es de Curso Superior: permite o cadastro das institui\u00e7\u00f5es que oferecem as forma\u00e7\u00f5es. <\/li><\/ul>\n\n\n\n<div style=\"height:30px\" aria-hidden=\"true\" class=\"wp-block-spacer\"><\/div>\n","protected":false},"excerpt":{"rendered":"<p>Sigem &#8211; Gest\u00e3o Escolar O Sigem &#8211; Gest\u00e3o Escolar \u00e9 uma ferramenta que conta, al\u00e9m das funcionalidades b\u00e1sicas necess\u00e1rias para tornar a administra\u00e7\u00e3o escolar \u00e1gil, tamb\u00e9m conta com diversos componentes que permitem dar ainda mais facilidade para que as escolas possam dedicar mais tempo aos seus alunos e as atividades docentes. Aqui s\u00e3o descritas as [&hellip;]<\/p>\n","protected":false},"author":1,"featured_media":0,"parent":0,"menu_order":0,"comment_status":"closed","ping_status":"closed","template":"index.php","meta":[],"acf":[],"_links":{"self":[{"href":"https:\/\/wizsyst.com\/index.php\/wp-json\/wp\/v2\/pages\/140"}],"collection":[{"href":"https:\/\/wizsyst.com\/index.php\/wp-json\/wp\/v2\/pages"}],"about":[{"href":"https:\/\/wizsyst.com\/index.php\/wp-json\/wp\/v2\/types\/page"}],"author":[{"embeddable":true,"href":"https:\/\/wizsyst.com\/index.php\/wp-json\/wp\/v2\/users\/1"}],"replies":[{"embeddable":true,"href":"https:\/\/wizsyst.com\/index.php\/wp-json\/wp\/v2\/comments?post=140"}],"version-history":[{"count":19,"href":"https:\/\/wizsyst.com\/index.php\/wp-json\/wp\/v2\/pages\/140\/revisions"}],"predecessor-version":[{"id":177,"href":"https:\/\/wizsyst.com\/index.php\/wp-json\/wp\/v2\/pages\/140\/revisions\/177"}],"wp:attachment":[{"href":"https:\/\/wizsyst.com\/index.php\/wp-json\/wp\/v2\/media?parent=140"}],"curies":[{"name":"wp","href":"https:\/\/api.w.org\/{rel}","templated":true}]}}