{"id":19,"date":"2018-11-20T15:44:10","date_gmt":"2018-11-20T17:44:10","guid":{"rendered":"http:\/\/localhost\/wizsyst\/?page_id=19"},"modified":"2018-11-20T15:44:10","modified_gmt":"2018-11-20T17:44:10","slug":"jgrade","status":"publish","type":"page","link":"https:\/\/wizsyst.com\/index.php\/jgrade\/","title":{"rendered":"JGrade"},"content":{"rendered":"\n<h2>JGrade<\/h2>\n\n\n\n<p>A&nbsp;performance cada vez mais otimizada das f\u00e1bricas industriais cl\u00e1ssicas, a consolida\u00e7\u00e3o das t\u00e9cnicas de engenharia de software, juntamente com o refinamento dos ambientes de desenvolvimento e o surgimento de novos ambientes de projeto e suporte integrados t\u00eam feito com que, cada vez mais, esfor\u00e7os sejam despendidos no sentido de realizar o conceito de f\u00e1brica de software.<\/p>\n\n\n\n<p><strong>E<\/strong>sse conceito simboliza uma desejada mudan\u00e7a de paradigma da produ\u00e7\u00e3o de software focada no trabalho intensivo, para um estilo mais focado no capital, onde investimentos substanciais podem ser feitos sob um n\u00edvel de risco aceit\u00e1vel. Pensando nestes fatores, foi constru\u00eddo o conceito&nbsp;<strong>JGRADE.<\/strong><\/p>\n\n\n\n<p><strong>Um conjunto de ferramentas de alta produtividade para desenvolvimento de componentes de neg\u00f3cio, baseados em Padr\u00f5es (Framework) para a elabora\u00e7\u00e3o de interface gr\u00e1fica com o usu\u00e1rio.<\/strong><\/p>\n\n\n\n<h2>Proposta<\/h2>\n\n\n\n<p>A proposta do JGRADE \u00e9 automatizar o processo de constru\u00e7\u00e3o de software utilizando o conceito de &#8220;Multiple Software Production Line.&nbsp;O setup da linha de produ\u00e7\u00e3o acompanha as caracter\u00edsticas do software a ser produzido.<\/p>\n\n\n\n<p>Para atender o requisito de f\u00e1brica de software, foi constru\u00eddo um conjunto de&nbsp;<strong>Geradores de Artefatos, visando automatizar cada etapa da linha de produ\u00e7\u00e3o, de forma que, todo o processo de fabrica\u00e7\u00e3o do software esteja em uma base \u00fanica de conhecimento, gerenciada pelo JGRADE.<\/strong><\/p>\n\n\n\n<p>Esta automatiza\u00e7\u00e3o segue padr\u00f5es consistentes, visando diminuir a curva de aprendizado do analista e do programador para a constru\u00e7\u00e3o de aplica\u00e7\u00f5es gr\u00e1ficas baseado no conjunto de APIs do J2EE, principalmente a API SWING para montagem das interfaces gr\u00e1ficas do usu\u00e1rio, al\u00e9m do acompanhamento e gerenciamento da produ\u00e7\u00e3o dos componentes da linha.<\/p>\n","protected":false},"excerpt":{"rendered":"<p>JGrade A&nbsp;performance cada vez mais otimizada das f\u00e1bricas industriais cl\u00e1ssicas, a consolida\u00e7\u00e3o das t\u00e9cnicas de engenharia de software, juntamente com o refinamento dos ambientes de desenvolvimento e o surgimento de novos ambientes de projeto e suporte integrados t\u00eam feito com que, cada vez mais, esfor\u00e7os sejam despendidos no sentido de realizar o conceito de f\u00e1brica [&hellip;]<\/p>\n","protected":false},"author":1,"featured_media":0,"parent":0,"menu_order":0,"comment_status":"closed","ping_status":"closed","template":"index.php","meta":[],"acf":[],"_links":{"self":[{"href":"https:\/\/wizsyst.com\/index.php\/wp-json\/wp\/v2\/pages\/19"}],"collection":[{"href":"https:\/\/wizsyst.com\/index.php\/wp-json\/wp\/v2\/pages"}],"about":[{"href":"https:\/\/wizsyst.com\/index.php\/wp-json\/wp\/v2\/types\/page"}],"author":[{"embeddable":true,"href":"https:\/\/wizsyst.com\/index.php\/wp-json\/wp\/v2\/users\/1"}],"replies":[{"embeddable":true,"href":"https:\/\/wizsyst.com\/index.php\/wp-json\/wp\/v2\/comments?post=19"}],"version-history":[{"count":0,"href":"https:\/\/wizsyst.com\/index.php\/wp-json\/wp\/v2\/pages\/19\/revisions"}],"wp:attachment":[{"href":"https:\/\/wizsyst.com\/index.php\/wp-json\/wp\/v2\/media?parent=19"}],"curies":[{"name":"wp","href":"https:\/\/api.w.org\/{rel}","templated":true}]}}