{"id":21,"date":"2018-11-20T15:44:24","date_gmt":"2018-11-20T17:44:24","guid":{"rendered":"http:\/\/localhost\/wizsyst\/?page_id=21"},"modified":"2018-11-20T15:44:24","modified_gmt":"2018-11-20T17:44:24","slug":"wizard-viewer","status":"publish","type":"page","link":"https:\/\/wizsyst.com\/index.php\/wizard-viewer\/","title":{"rendered":"Wizard Viewer"},"content":{"rendered":"\n<h2>Wizard Viewer<\/h2>\n\n\n\n<p>O Wizard Viewer&nbsp;\u00e9 um Sistema respons\u00e1vel pela gera\u00e7\u00e3o de consultas din\u00e2micas, baseadas em metadados, armazenados no Banco de Dados ou na interface do usu\u00e1rio. Este Sistema permite ao usu\u00e1rio montar consultas din\u00e2micas. Estes Metadados podem ser cadastrados no banco de dados a partir de formul\u00e1rios espec\u00edicos onde o usu\u00e1rio pode configurar os comportamentos da consulta a partir de um dicion\u00e1rio de dados ativo.<\/p>\n\n\n\n<p>Com uma Interface simples e intuitiva, o\u00a0Wizard Viewer\u00a0representa uma verdadeira evolu\u00e7\u00e3o no campo de pesquisa em\u00a0Banco de Dados\u00a0ou apenas na Interface do usu\u00e1rio. O\u00a0Modelo de Consulta Din\u00e2mica\u00a0proporciona agilidade e dinamismo ao usu\u00e1rio na busca de dados que s\u00e3o gerados em forma de\u00a0Tabela ou Matriz.<\/p>\n\n\n\n<h3>Caracter\u00edsticas<\/h3>\n\n\n\n<ul><li>Dicion\u00e1rio de Dados Ativo;<\/li><li>Formata\u00e7\u00e3o e Defini\u00e7\u00e3o dos Dados Mapeados em Metadados persistidos no banco de dados ou na interface do usu\u00e1rio;<\/li><li>Montagem das consultas atrav\u00e1s de drag&amp;drop para forma\u00e7\u00e3o dos crit\u00e9rios de consultas e do layout da consulta;<\/li><li>Gera\u00e7\u00e3o do resultado em forma de tabela ou matriz;<\/li><li>Exporta\u00e7\u00e3o nos formatos XLS\/HTML\/TXT;<\/li><li>Execu\u00e7\u00e3o modo Web Services ou Cliente Servidor;<\/li><li>Grava\u00e7\u00e3o das consultas pr\u00e9-formatadas no banco de dados;<br>Totaliza\u00e7\u00e3o dos Grupos de Quebra.<\/li><\/ul>\n","protected":false},"excerpt":{"rendered":"<p>Wizard Viewer O Wizard Viewer&nbsp;\u00e9 um Sistema respons\u00e1vel pela gera\u00e7\u00e3o de consultas din\u00e2micas, baseadas em metadados, armazenados no Banco de Dados ou na interface do usu\u00e1rio. Este Sistema permite ao usu\u00e1rio montar consultas din\u00e2micas. Estes Metadados podem ser cadastrados no banco de dados a partir de formul\u00e1rios espec\u00edicos onde o usu\u00e1rio pode configurar os comportamentos [&hellip;]<\/p>\n","protected":false},"author":1,"featured_media":0,"parent":0,"menu_order":0,"comment_status":"closed","ping_status":"closed","template":"index.php","meta":[],"acf":[],"_links":{"self":[{"href":"https:\/\/wizsyst.com\/index.php\/wp-json\/wp\/v2\/pages\/21"}],"collection":[{"href":"https:\/\/wizsyst.com\/index.php\/wp-json\/wp\/v2\/pages"}],"about":[{"href":"https:\/\/wizsyst.com\/index.php\/wp-json\/wp\/v2\/types\/page"}],"author":[{"embeddable":true,"href":"https:\/\/wizsyst.com\/index.php\/wp-json\/wp\/v2\/users\/1"}],"replies":[{"embeddable":true,"href":"https:\/\/wizsyst.com\/index.php\/wp-json\/wp\/v2\/comments?post=21"}],"version-history":[{"count":0,"href":"https:\/\/wizsyst.com\/index.php\/wp-json\/wp\/v2\/pages\/21\/revisions"}],"wp:attachment":[{"href":"https:\/\/wizsyst.com\/index.php\/wp-json\/wp\/v2\/media?parent=21"}],"curies":[{"name":"wp","href":"https:\/\/api.w.org\/{rel}","templated":true}]}}