{"id":23,"date":"2018-11-20T15:44:35","date_gmt":"2018-11-20T17:44:35","guid":{"rendered":"http:\/\/localhost\/wizsyst\/?page_id=23"},"modified":"2018-11-20T15:44:35","modified_gmt":"2018-11-20T17:44:35","slug":"atomo","status":"publish","type":"page","link":"https:\/\/wizsyst.com\/index.php\/atomo\/","title":{"rendered":"\u00c1tomo"},"content":{"rendered":"\n<h2>\u00c1tomo<\/h2>\n\n\n\n<p>Visando agilidade no desenvolvimento de sistemas baseados na internet, o framework \u00c1tomo&#x2122; permite atrav\u00e9s de uma s\u00e9rie de ferramentas para gera\u00e7\u00e3o de formul\u00e1rios web para inserir, atualizar, recuperar e consultar dados de forma simples e din\u00e2mica.<br><\/p>\n\n\n\n<p>O c\u00f3digo gerado pelo framework \u00e9 leg\u00edvel e de f\u00e1cil implementa\u00e7\u00e3o de regras de neg\u00f3cio por parte da equipe de desenvolvimento e an\u00e1lise, tanto na parte cliente quanto servidor.<br><\/p>\n\n\n\n<p>Criando de maneira r\u00e1pida, simples e organizada m\u00f3dulos que interagem com o servidor e o banco de dados sem a necessidade de o desenvolvedor possuir conhecimento em nenhuma das camadas pertencentes ao servidor como, por exemplo, a camada de persist\u00eancia dos dados.<br><\/p>\n\n\n\n<p>A cria\u00e7\u00e3o do sistema \u00e9 dividida em etapas atrav\u00e9s de unidades que comp\u00f5em o framework, permitindo delegar diferentes partes do desenvolvimento \u00e0 equipe, tais como: Engenharia reversa de dados, desenho de m\u00f3dulos, gera\u00e7\u00e3o de c\u00f3digo fonte e gera\u00e7\u00e3o\/distribui\u00e7\u00e3o de projetos, incluindo controle do andamento das etapas de desenvolvimento.<br><\/p>\n\n\n\n<p>Permite criar um formul\u00e1rio complexo com v\u00e1rios n\u00edveis de relacionamento em poucas horas, tal como: Cadastro de pessoa f\u00edsica, cadastro de documentos, entre outros.<br><\/p>\n\n\n\n<p>A interface disponibilizada para o usu\u00e1rio final \u00e9 intuitiva, amig\u00e1vel e robusta, n\u00e3o exigindo um conhecimento t\u00e9cnico ou avan\u00e7ado para sua utiliza\u00e7\u00e3o. Em uma estrutura com conceito de m\u00f3dulos, permite ao usu\u00e1rio que v\u00e1rias telas do sistema sejam utilizadas ao mesmo tempo sem a necessidade de recargas.<br><\/p>\n\n\n\n<p>O acesso aos m\u00f3dulos do sistema gerado \u00e9 feito atrav\u00e9s de um sistema de seguran\u00e7a, utilizando o conceito de permiss\u00f5es para grupos de usu\u00e1rios cadastrados, incluindo permiss\u00f5es espec\u00edficas para manipula\u00e7\u00e3o dos dados, tanto em n\u00edvel de consulta quando altera\u00e7\u00e3o.<br><\/p>\n\n\n\n<h3>Tecnologias<br><\/h3>\n\n\n\n<p>Tendo JAVA&#x2122; como linguagem principal na parte servidor, o framework permite facilidade de implementa\u00e7\u00e3o de novas funcionalidades e se acopla facilmente com outros frameworks e estrutura organizacionais j\u00e1 existentes.<\/p>\n\n\n\n<h3>Padr\u00f5es<\/h3>\n\n\n\n<p>Contendo padr\u00f5es de usabilidade utilizadas pelo mercado, \u00c1tomo garante que as interfaces por ele geradas s\u00e3o de f\u00e1cil uso e identifica\u00e7\u00e3o de componentes que garantem uma plataforma \u00edntegra para uso por usu\u00e1rios de todos os n\u00edveis.<\/p>\n","protected":false},"excerpt":{"rendered":"<p>\u00c1tomo Visando agilidade no desenvolvimento de sistemas baseados na internet, o framework \u00c1tomo&#x2122; permite atrav\u00e9s de uma s\u00e9rie de ferramentas para gera\u00e7\u00e3o de formul\u00e1rios web para inserir, atualizar, recuperar e consultar dados de forma simples e din\u00e2mica. O c\u00f3digo gerado pelo framework \u00e9 leg\u00edvel e de f\u00e1cil implementa\u00e7\u00e3o de regras de neg\u00f3cio por parte da [&hellip;]<\/p>\n","protected":false},"author":1,"featured_media":0,"parent":0,"menu_order":0,"comment_status":"closed","ping_status":"closed","template":"","meta":[],"acf":[],"_links":{"self":[{"href":"https:\/\/wizsyst.com\/index.php\/wp-json\/wp\/v2\/pages\/23"}],"collection":[{"href":"https:\/\/wizsyst.com\/index.php\/wp-json\/wp\/v2\/pages"}],"about":[{"href":"https:\/\/wizsyst.com\/index.php\/wp-json\/wp\/v2\/types\/page"}],"author":[{"embeddable":true,"href":"https:\/\/wizsyst.com\/index.php\/wp-json\/wp\/v2\/users\/1"}],"replies":[{"embeddable":true,"href":"https:\/\/wizsyst.com\/index.php\/wp-json\/wp\/v2\/comments?post=23"}],"version-history":[{"count":0,"href":"https:\/\/wizsyst.com\/index.php\/wp-json\/wp\/v2\/pages\/23\/revisions"}],"wp:attachment":[{"href":"https:\/\/wizsyst.com\/index.php\/wp-json\/wp\/v2\/media?parent=23"}],"curies":[{"name":"wp","href":"https:\/\/api.w.org\/{rel}","templated":true}]}}