{"id":25,"date":"2018-11-20T15:45:00","date_gmt":"2018-11-20T17:45:00","guid":{"rendered":"http:\/\/localhost\/wizsyst\/?page_id=25"},"modified":"2018-11-20T15:45:00","modified_gmt":"2018-11-20T17:45:00","slug":"sigem-rh","status":"publish","type":"page","link":"https:\/\/wizsyst.com\/index.php\/sigem-rh\/","title":{"rendered":"Sigem"},"content":{"rendered":"\n<h2>Sigem<\/h2>\n\n\n\n<p>A&nbsp;Administra\u00e7\u00e3o P\u00fablica&nbsp;procura cada vez mais melhorar seus m\u00e9todos administrativos, visando obter maiorqualidade e produtividade&nbsp;. A&nbsp;Wiz Systems&nbsp;oferece solu\u00e7\u00f5es inteligentes que garantem total controle das informa\u00e7\u00f5es com altos n\u00edveis de seguran\u00e7a e desempenho.<\/p>\n\n\n\n<p>Com o intuito de atender \u00e0s necessidades administrativas do&nbsp;Setor Publico, nas esferas federal, estadual e municipal, a Wiz Systems desenvolveu um conjunto completo e integrado de solu\u00e7\u00f5es inteligentes, que podem ser utilizadas pelo poder Executivo, Legislativo e Judici\u00e1rio&nbsp;.&nbsp;<br>Esta fam\u00edlia de sistemas inteligentes para Gest\u00e3o P\u00fablica \u00e9 conhecida como&nbsp;&#8220;SIGEM Sistema Integrado de Gest\u00e3o&#8221;.<\/p>\n","protected":false},"excerpt":{"rendered":"<p>Sigem A&nbsp;Administra\u00e7\u00e3o P\u00fablica&nbsp;procura cada vez mais melhorar seus m\u00e9todos administrativos, visando obter maiorqualidade e produtividade&nbsp;. A&nbsp;Wiz Systems&nbsp;oferece solu\u00e7\u00f5es inteligentes que garantem total controle das informa\u00e7\u00f5es com altos n\u00edveis de seguran\u00e7a e desempenho. Com o intuito de atender \u00e0s necessidades administrativas do&nbsp;Setor Publico, nas esferas federal, estadual e municipal, a Wiz Systems desenvolveu um conjunto completo [&hellip;]<\/p>\n","protected":false},"author":1,"featured_media":0,"parent":0,"menu_order":0,"comment_status":"closed","ping_status":"closed","template":"index.php","meta":[],"acf":[],"_links":{"self":[{"href":"https:\/\/wizsyst.com\/index.php\/wp-json\/wp\/v2\/pages\/25"}],"collection":[{"href":"https:\/\/wizsyst.com\/index.php\/wp-json\/wp\/v2\/pages"}],"about":[{"href":"https:\/\/wizsyst.com\/index.php\/wp-json\/wp\/v2\/types\/page"}],"author":[{"embeddable":true,"href":"https:\/\/wizsyst.com\/index.php\/wp-json\/wp\/v2\/users\/1"}],"replies":[{"embeddable":true,"href":"https:\/\/wizsyst.com\/index.php\/wp-json\/wp\/v2\/comments?post=25"}],"version-history":[{"count":0,"href":"https:\/\/wizsyst.com\/index.php\/wp-json\/wp\/v2\/pages\/25\/revisions"}],"wp:attachment":[{"href":"https:\/\/wizsyst.com\/index.php\/wp-json\/wp\/v2\/media?parent=25"}],"curies":[{"name":"wp","href":"https:\/\/api.w.org\/{rel}","templated":true}]}}